{"id":852,"date":"2025-09-02T08:00:20","date_gmt":"2025-09-02T08:00:20","guid":{"rendered":"https:\/\/xstore.8theme.com\/elementor3\/electronic-mega-market\/?post_type=product&#038;p=852"},"modified":"2026-04-25T14:26:19","modified_gmt":"2026-04-25T14:26:19","slug":"pao-de-forma-integral-multigraos-s-gluten-s-lactose-s-acucar","status":"publish","type":"product","link":"https:\/\/arinalimentos.com.br\/loja\/produto\/pao-de-forma-integral-multigraos-s-gluten-s-lactose-s-acucar\/","title":{"rendered":"P\u00c3O DE FORMA INTEGRAL MULTIGR\u00c3OS (S\/ Gl\u00faten, S\/ Lactose, S\/ A\u00e7\u00facar e Sem Conservantes)"},"content":{"rendered":"\t\t<div data-elementor-type=\"product-post\" data-elementor-id=\"852\" class=\"elementor elementor-852\" data-elementor-post-type=\"product\">\n\t\t\t\t\t\t<section class=\"elementor-section elementor-top-section elementor-element elementor-element-464b41f elementor-section-boxed elementor-section-height-default elementor-section-height-default\" data-id=\"464b41f\" data-element_type=\"section\">\n\t\t\t\t\t\t<div class=\"elementor-container elementor-column-gap-default\">\n\t\t\t\t\t<div class=\"elementor-column elementor-col-100 elementor-top-column elementor-element elementor-element-7833517\" data-id=\"7833517\" data-element_type=\"column\">\n\t\t\t<div class=\"elementor-widget-wrap elementor-element-populated\">\n\t\t\t\t\t\t<div class=\"elementor-element elementor-element-2a28b22 etheme-elementor-widget-loaded elementor-widget elementor-widget-heading\" data-id=\"2a28b22\" data-element_type=\"widget\" data-widget_type=\"heading.default\">\n\t\t\t\t<div class=\"elementor-widget-container\">\n\t\t\t\t\t<h2 class=\"elementor-heading-title elementor-size-default\">Sobre este produto<\/h2>\t\t\t\t<\/div>\n\t\t\t\t<\/div>\n\t\t\t\t<div class=\"elementor-element elementor-element-16a69c8 elementor-widget elementor-widget-text-editor\" data-id=\"16a69c8\" data-element_type=\"widget\" data-widget_type=\"text-editor.default\">\n\t\t\t\t<div class=\"elementor-widget-container\">\n\t\t\t\t\t\t\t\t\t<p>O P\u00e3o de Forma Integral Multigr\u00e3os, j\u00e1 v\u00eam congelado e fatiado, com 12 fatias de 10 mil\u00edmetros cada. Basta destacar as fatias desejadas, aquecer sem descongelar e em minutos ter\u00e1 um p\u00e3o quentinho e fofinho pronto para o consumo em qualquer refei\u00e7\u00e3o. Tem validade de 6 meses. Peso l\u00edquido 525g.<br \/>Os produtos Arin utilizam insumos naturais e de alta qualidade, mesclando a feitura artesanal com tecnologia de ponta atrav\u00e9s de equipamentos modernos, gerando, com isso, um processo padronizado na prepara\u00e7\u00e3o dos produtos.<\/p><p>produtos.<\/p><ul><li><strong>Ingredientes:<\/strong>\u00a0<\/li><li>Farinha De Arroz Integral, Banana Prata, \u00c1gua, Ovos Caipiras, F\u00e9cula De Mandioca, F\u00e9cula De Batata, \u00d3leo De Girassol, Vinagre, Semente De Gergelim, Semente De Girassol, Semente De Linha\u00e7a Marrom, Fermento Biol\u00f3gico, Sal Marinho, Goma Xantana. Sem Gl\u00faten, Sem Lactose E Sem A\u00e7\u00facar. Al\u00e9rgicos: Cont\u00e9m Ovos Caipiras.<\/li><li><strong>Peso:<\/strong> 525g<\/li><li><strong>Validade:<\/strong> 6 meses.<\/li><li><strong>Dimens\u00f5es: <\/strong>9cm x 10cm x 13cm<\/li><\/ul>\t\t\t\t\t\t\t\t<\/div>\n\t\t\t\t<\/div>\n\t\t\t\t<div class=\"elementor-element elementor-element-44f170f etheme-elementor-widget-loaded elementor-widget elementor-widget-heading\" data-id=\"44f170f\" data-element_type=\"widget\" data-widget_type=\"heading.default\">\n\t\t\t\t<div class=\"elementor-widget-container\">\n\t\t\t\t\t<h2 class=\"elementor-heading-title elementor-size-default\">Porque escolher os produtos da Arin?<\/h2>\t\t\t\t<\/div>\n\t\t\t\t<\/div>\n\t\t\t\t<div class=\"elementor-element elementor-element-f7b2ed4 elementor-widget elementor-widget-text-editor\" data-id=\"f7b2ed4\" data-element_type=\"widget\" data-widget_type=\"text-editor.default\">\n\t\t\t\t<div class=\"elementor-widget-container\">\n\t\t\t\t\t\t\t\t\t<p>Escolher os produtos Arin significa levar para sua mesa o que h\u00e1 de melhor em sabor, sa\u00fade e seguran\u00e7a alimentar. Nosso prop\u00f3sito \u00e9 oferecer uma alimenta\u00e7\u00e3o verdadeiramente saud\u00e1vel sem abrir m\u00e3o do prazer de comer.<\/p><p>Cada item da nossa linha \u2013 P\u00e3es, Torradinhas e Farinha de Rosca \u2013 \u00e9 cuidadosamente elaborado sem gl\u00faten, a\u00e7\u00facar, leite e derivados, soja e conservantes. Utilizamos um mix especial de farinha de arroz, f\u00e9cula de batata, f\u00e9cula de mandioca, banana prata e ovos caipiras, resultando em uma textura e sabor perfeitos.<\/p><p>Unimos o cuidado artesanal com a tecnologia de ponta, garantindo excel\u00eancia em cada etapa da produ\u00e7\u00e3o. Nossa \u00e1rea \u00e9 livre de contamina\u00e7\u00e3o cruzada, tornando todos os produtos seguros para cel\u00edacos e pessoas com APLV. Al\u00e9m disso, equipamentos modernos como o forno de convec\u00e7\u00e3o e o ultracongelador asseguram a frescura, praticidade no consumo e validade prolongada.<\/p><p>Com a Arin, voc\u00ea desfruta de p\u00e3es de forma j\u00e1 fatiados e congelados \u2013 prontos em minutos sem descongelar \u2013, torradinhas super crocantes e uma farinha de rosca soltinha e vers\u00e1til, todas em embalagens que preservam a qualidade.<\/p><p><em><strong>Descubra o prazer de consumir alimentos que duram, s\u00e3o deliciosos e verdadeiramente cuidam de voc\u00ea!<\/strong><\/em><\/p>\t\t\t\t\t\t\t\t<\/div>\n\t\t\t\t<\/div>\n\t\t\t\t\t<\/div>\n\t\t<\/div>\n\t\t\t\t\t<\/div>\n\t\t<\/section>\n\t\t\t\t<\/div>\n\t\t","protected":false},"excerpt":{"rendered":"<p>Sobre este produto O P\u00e3o de Forma Integral Multigr\u00e3os, j\u00e1 v\u00eam congelado e fatiado, com 12 fatias de 10 mil\u00edmetros cada. Basta destacar as fatias&#8230;<\/p>\n","protected":false},"featured_media":4310,"comment_status":"open","ping_status":"closed","template":"","meta":[],"etheme_brands":[],"product_brand":[],"product_cat":[38],"product_tag":[89,69,76,67,79,80,77,78],"class_list":{"0":"post-852","1":"product","2":"type-product","3":"status-publish","4":"has-post-thumbnail","6":"product_cat-pao-de-forma","7":"product_tag-mercearia","8":"product_tag-padaria","9":"product_tag-pao","10":"product_tag-pao-de-forma","11":"product_tag-pao-sem-acucar","12":"product_tag-pao-sem-conservantes","13":"product_tag-pao-sem-gluten","14":"product_tag-pao-sem-lactose","15":"product_shipping_class-entrega-paes","17":"first","18":"instock","19":"sale","20":"taxable","21":"shipping-taxable","22":"purchasable","23":"product-type-simple"},"_links":{"self":[{"href":"https:\/\/arinalimentos.com.br\/loja\/wp-json\/wp\/v2\/product\/852","targetHints":{"allow":["GET"]}}],"collection":[{"href":"https:\/\/arinalimentos.com.br\/loja\/wp-json\/wp\/v2\/product"}],"about":[{"href":"https:\/\/arinalimentos.com.br\/loja\/wp-json\/wp\/v2\/types\/product"}],"replies":[{"embeddable":true,"href":"https:\/\/arinalimentos.com.br\/loja\/wp-json\/wp\/v2\/comments?post=852"}],"version-history":[{"count":14,"href":"https:\/\/arinalimentos.com.br\/loja\/wp-json\/wp\/v2\/product\/852\/revisions"}],"predecessor-version":[{"id":4410,"href":"https:\/\/arinalimentos.com.br\/loja\/wp-json\/wp\/v2\/product\/852\/revisions\/4410"}],"wp:featuredmedia":[{"embeddable":true,"href":"https:\/\/arinalimentos.com.br\/loja\/wp-json\/wp\/v2\/media\/4310"}],"wp:attachment":[{"href":"https:\/\/arinalimentos.com.br\/loja\/wp-json\/wp\/v2\/media?parent=852"}],"wp:term":[{"taxonomy":"brand","embeddable":true,"href":"https:\/\/arinalimentos.com.br\/loja\/wp-json\/wp\/v2\/etheme_brands?post=852"},{"taxonomy":"product_brand","embeddable":true,"href":"https:\/\/arinalimentos.com.br\/loja\/wp-json\/wp\/v2\/product_brand?post=852"},{"taxonomy":"product_cat","embeddable":true,"href":"https:\/\/arinalimentos.com.br\/loja\/wp-json\/wp\/v2\/product_cat?post=852"},{"taxonomy":"product_tag","embeddable":true,"href":"https:\/\/arinalimentos.com.br\/loja\/wp-json\/wp\/v2\/product_tag?post=852"}],"curies":[{"name":"wp","href":"https:\/\/api.w.org\/{rel}","templated":true}]}}