{"id":3604,"date":"2025-08-25T15:41:16","date_gmt":"2025-08-25T15:41:16","guid":{"rendered":"https:\/\/arinalimentos.com.br\/loja\/?post_type=product&#038;p=3604"},"modified":"2026-04-21T16:51:46","modified_gmt":"2026-04-21T16:51:46","slug":"farinha-de-rosca-s-gluten-s-lactose-s-acucar","status":"publish","type":"product","link":"https:\/\/arinalimentos.com.br\/loja\/produto\/farinha-de-rosca-s-gluten-s-lactose-s-acucar\/","title":{"rendered":"FARINHA DE ROSCA (S\/ Gl\u00faten, S\/ Lactose, S\/ A\u00e7\u00facar e Sem Conservantes)"},"content":{"rendered":"\t\t<div data-elementor-type=\"product-post\" data-elementor-id=\"3604\" class=\"elementor elementor-3604\" data-elementor-post-type=\"product\">\n\t\t\t\t\t\t<section class=\"elementor-section elementor-top-section elementor-element elementor-element-c3f6367 elementor-section-boxed elementor-section-height-default elementor-section-height-default\" data-id=\"c3f6367\" data-element_type=\"section\">\n\t\t\t\t\t\t<div class=\"elementor-container elementor-column-gap-default\">\n\t\t\t\t\t<div class=\"elementor-column elementor-col-100 elementor-top-column elementor-element elementor-element-3648ce1\" data-id=\"3648ce1\" data-element_type=\"column\">\n\t\t\t<div class=\"elementor-widget-wrap elementor-element-populated\">\n\t\t\t\t\t\t<div class=\"elementor-element elementor-element-96699cc etheme-elementor-widget-loaded elementor-widget elementor-widget-heading\" data-id=\"96699cc\" data-element_type=\"widget\" data-widget_type=\"heading.default\">\n\t\t\t\t<div class=\"elementor-widget-container\">\n\t\t\t\t\t<h2 class=\"elementor-heading-title elementor-size-default\">Sobre este produto<\/h2>\t\t\t\t<\/div>\n\t\t\t\t<\/div>\n\t\t\t\t<div class=\"elementor-element elementor-element-0a2c4f5 elementor-widget elementor-widget-text-editor\" data-id=\"0a2c4f5\" data-element_type=\"widget\" data-widget_type=\"text-editor.default\">\n\t\t\t\t<div class=\"elementor-widget-container\">\n\t\t\t\t\t\t\t\t\t<p>A Farinha de Rosca \u00e9 produzida a partir dos p\u00e3es Arin, soltinha e super crocante, al\u00e9m de um sabor inigual\u00e1vel. Pode ser usada para empanar alimentos, enfarinhar formas untadas, preparar e finalizar pratos e como ingrediente de biscoitos, bolos, etc. Tem validade de 6 meses e \u00e9 comercializada, em temperatura ambiente, em pote herm\u00e9tico de 600g<br \/>Os produtos Arin utilizam insumos naturais e de alta qualidade, mesclando a feitura artesanal com tecnologia de ponta atrav\u00e9s de equipamentos modernos, gerando, com isso, um processo padronizado na prepara\u00e7\u00e3o dos produtos.<\/p><ul><li><strong>Ingredientes:<\/strong> Farinha De Arroz, Banana Da Prata, \u00c1gua, Ovos Caipiras, F\u00e9cula De Mandioca, F\u00e9cula De Batata, \u00d3leo De Girassol, Vinagre, Fermento Biol\u00f3gico, Sal Marinho, Goma Xantana. Pode Conter: Alho, Cebola, Sementes (Linha\u00e7a, Gergelim E Girassol). Sem Gl\u00faten, Sem Lactose E Sem A\u00e7\u00facar. Al\u00e9rgicos: Cont\u00e9m Ovos Caipiras.<\/li><li><strong>Peso:<\/strong> 600g<\/li><li><strong>Validade:<\/strong> 5 meses<\/li><li><strong>Dimens\u00f5es: <\/strong>10cm x 10cm x 13cm<\/li><\/ul>\t\t\t\t\t\t\t\t<\/div>\n\t\t\t\t<\/div>\n\t\t\t\t<div class=\"elementor-element elementor-element-2c95eb6 etheme-elementor-widget-loaded elementor-widget elementor-widget-heading\" data-id=\"2c95eb6\" data-element_type=\"widget\" data-widget_type=\"heading.default\">\n\t\t\t\t<div class=\"elementor-widget-container\">\n\t\t\t\t\t<h2 class=\"elementor-heading-title elementor-size-default\">Porque escolher os produtos da Arin?<\/h2>\t\t\t\t<\/div>\n\t\t\t\t<\/div>\n\t\t\t\t<div class=\"elementor-element elementor-element-dc77a9f elementor-widget elementor-widget-text-editor\" data-id=\"dc77a9f\" data-element_type=\"widget\" data-widget_type=\"text-editor.default\">\n\t\t\t\t<div class=\"elementor-widget-container\">\n\t\t\t\t\t\t\t\t\t<p>Escolher os produtos Arin significa levar para sua mesa o que h\u00e1 de melhor em sabor, sa\u00fade e seguran\u00e7a alimentar. Nosso prop\u00f3sito \u00e9 oferecer uma alimenta\u00e7\u00e3o verdadeiramente saud\u00e1vel sem abrir m\u00e3o do prazer de comer.<\/p><p>Cada item da nossa linha \u2013 P\u00e3es, Torradinhas e Farinha de Rosca \u2013 \u00e9 cuidadosamente elaborado sem gl\u00faten, a\u00e7\u00facar, leite e derivados, soja e conservantes. Utilizamos um mix especial de farinha de arroz, f\u00e9cula de batata, f\u00e9cula de mandioca, banana prata e ovos caipiras, resultando em uma textura e sabor perfeitos.<\/p><p>Unimos o cuidado artesanal com a tecnologia de ponta, garantindo excel\u00eancia em cada etapa da produ\u00e7\u00e3o. Nossa \u00e1rea \u00e9 livre de contamina\u00e7\u00e3o cruzada, tornando todos os produtos seguros para cel\u00edacos e pessoas com APLV. Al\u00e9m disso, equipamentos modernos como o forno de convec\u00e7\u00e3o e o ultracongelador asseguram a frescura, praticidade no consumo e validade prolongada.<\/p><p>Com a Arin, voc\u00ea desfruta de p\u00e3es de forma j\u00e1 fatiados e congelados \u2013 prontos em minutos sem descongelar \u2013, torradinhas super crocantes e uma farinha de rosca soltinha e vers\u00e1til, todas em embalagens que preservam a qualidade.<\/p><p><em><strong>Descubra o prazer de consumir alimentos que duram, s\u00e3o deliciosos e verdadeiramente cuidam de voc\u00ea!<\/strong><\/em><\/p>\t\t\t\t\t\t\t\t<\/div>\n\t\t\t\t<\/div>\n\t\t\t\t\t<\/div>\n\t\t<\/div>\n\t\t\t\t\t<\/div>\n\t\t<\/section>\n\t\t\t\t<\/div>\n\t\t","protected":false},"excerpt":{"rendered":"<p>Sobre este produto A Farinha de Rosca \u00e9 produzida a partir dos p\u00e3es Arin, soltinha e super crocante, al\u00e9m de um sabor inigual\u00e1vel. Pode ser&#8230;<\/p>\n","protected":false},"featured_media":4282,"comment_status":"open","ping_status":"closed","template":"","meta":[],"etheme_brands":[],"product_brand":[],"product_cat":[32],"product_tag":[71,83,84,81,82],"class_list":{"0":"post-3604","1":"product","2":"type-product","3":"status-publish","4":"has-post-thumbnail","6":"product_cat-farinha-de-rosca","7":"product_tag-farinha-de-rosca","8":"product_tag-farinha-de-rosca-sem-acucar","9":"product_tag-farinha-de-rosca-sem-conservantes","10":"product_tag-farinha-de-rosca-sem-gluten","11":"product_tag-farinha-de-rosca-sem-lactose","12":"product_shipping_class-entrega-torradas-e-farinha-de-rosca","14":"first","15":"instock","16":"sale","17":"taxable","18":"shipping-taxable","19":"purchasable","20":"product-type-simple"},"_links":{"self":[{"href":"https:\/\/arinalimentos.com.br\/loja\/wp-json\/wp\/v2\/product\/3604","targetHints":{"allow":["GET"]}}],"collection":[{"href":"https:\/\/arinalimentos.com.br\/loja\/wp-json\/wp\/v2\/product"}],"about":[{"href":"https:\/\/arinalimentos.com.br\/loja\/wp-json\/wp\/v2\/types\/product"}],"replies":[{"embeddable":true,"href":"https:\/\/arinalimentos.com.br\/loja\/wp-json\/wp\/v2\/comments?post=3604"}],"version-history":[{"count":11,"href":"https:\/\/arinalimentos.com.br\/loja\/wp-json\/wp\/v2\/product\/3604\/revisions"}],"predecessor-version":[{"id":4409,"href":"https:\/\/arinalimentos.com.br\/loja\/wp-json\/wp\/v2\/product\/3604\/revisions\/4409"}],"wp:featuredmedia":[{"embeddable":true,"href":"https:\/\/arinalimentos.com.br\/loja\/wp-json\/wp\/v2\/media\/4282"}],"wp:attachment":[{"href":"https:\/\/arinalimentos.com.br\/loja\/wp-json\/wp\/v2\/media?parent=3604"}],"wp:term":[{"taxonomy":"brand","embeddable":true,"href":"https:\/\/arinalimentos.com.br\/loja\/wp-json\/wp\/v2\/etheme_brands?post=3604"},{"taxonomy":"product_brand","embeddable":true,"href":"https:\/\/arinalimentos.com.br\/loja\/wp-json\/wp\/v2\/product_brand?post=3604"},{"taxonomy":"product_cat","embeddable":true,"href":"https:\/\/arinalimentos.com.br\/loja\/wp-json\/wp\/v2\/product_cat?post=3604"},{"taxonomy":"product_tag","embeddable":true,"href":"https:\/\/arinalimentos.com.br\/loja\/wp-json\/wp\/v2\/product_tag?post=3604"}],"curies":[{"name":"wp","href":"https:\/\/api.w.org\/{rel}","templated":true}]}}