{"id":3148,"date":"2025-06-03T17:57:15","date_gmt":"2025-06-03T17:57:15","guid":{"rendered":"https:\/\/arinalimentos.com.br\/loja\/?page_id=3148"},"modified":"2025-09-04T21:16:38","modified_gmt":"2025-09-04T21:16:38","slug":"sobre-nos","status":"publish","type":"page","link":"https:\/\/arinalimentos.com.br\/loja\/sobre-nos\/","title":{"rendered":"Sobre N\u00f3s"},"content":{"rendered":"\t\t<div data-elementor-type=\"wp-page\" data-elementor-id=\"3148\" class=\"elementor elementor-3148\" data-elementor-post-type=\"page\">\n\t\t\t\t\t\t<section class=\"elementor-section elementor-top-section elementor-element elementor-element-6aed085 elementor-section-content-top elementor-section-stretched elementor-section-boxed elementor-section-height-default elementor-section-height-default\" data-id=\"6aed085\" data-element_type=\"section\" data-settings=\"{&quot;stretch_section&quot;:&quot;section-stretched&quot;,&quot;background_background&quot;:&quot;classic&quot;}\">\n\t\t\t\t\t\t<div class=\"elementor-container elementor-column-gap-custom\">\n\t\t\t\t\t<div class=\"elementor-column elementor-col-50 elementor-top-column elementor-element elementor-element-cd8f9d4\" data-id=\"cd8f9d4\" data-element_type=\"column\">\n\t\t\t<div class=\"elementor-widget-wrap elementor-element-populated\">\n\t\t\t\t\t\t<div class=\"elementor-element elementor-element-599c9fa elementor-invisible etheme-elementor-widget-loaded elementor-widget elementor-widget-heading\" data-id=\"599c9fa\" data-element_type=\"widget\" data-settings=\"{&quot;_animation&quot;:&quot;fadeInRight&quot;}\" data-widget_type=\"heading.default\">\n\t\t\t\t<div class=\"elementor-widget-container\">\n\t\t\t\t\t<h2 class=\"elementor-heading-title elementor-size-default\">Sabores naturais<br>\nque fazem bem<br>\nao corpo<br>\ne ao paladar<\/h2>\t\t\t\t<\/div>\n\t\t\t\t<\/div>\n\t\t\t\t\t<\/div>\n\t\t<\/div>\n\t\t\t\t<div class=\"elementor-column elementor-col-50 elementor-top-column elementor-element elementor-element-2d442a8\" data-id=\"2d442a8\" data-element_type=\"column\">\n\t\t\t<div class=\"elementor-widget-wrap elementor-element-populated\">\n\t\t\t\t\t\t<div class=\"elementor-element elementor-element-68f063f elementor-invisible elementor-widget elementor-widget-text-editor\" data-id=\"68f063f\" data-element_type=\"widget\" data-settings=\"{&quot;_animation&quot;:&quot;fadeInRight&quot;}\" data-widget_type=\"text-editor.default\">\n\t\t\t\t<div class=\"elementor-widget-container\">\n\t\t\t\t\t\t\t\t\t<p><strong>A Arin tem o prop\u00f3sito de levar sabor, sa\u00fade e seguran\u00e7a alimentar para a vida dos consumidores.<\/strong> A linha de produtos inclui P\u00e3es, Torradinhas e Farinha de Rosca, todos elaborados sem gl\u00faten, sem a\u00e7\u00facar, sem leite nem derivados, sem soja e sem conservantes. <br \/><strong>A base de ingredientes \u00e9 um mix de farinha de arroz, f\u00e9cula de batata, f\u00e9cula de mandioca, al\u00e9m de banana da prata e ovos caipiras, o que confere textura <\/strong><strong>e sabor perfeitos ao paladar.<\/strong> A \u00e1rea de produ\u00e7\u00e3o Arin \u00e9 livre de contamina\u00e7\u00e3o cruzada, e todos os produtos s\u00e3o aptos para pessoas cel\u00edacas e com alergia \u00e0 prote\u00edna do leite de vaca (APLV).<\/p>\t\t\t\t\t\t\t\t<\/div>\n\t\t\t\t<\/div>\n\t\t\t\t\t<\/div>\n\t\t<\/div>\n\t\t\t\t\t<\/div>\n\t\t<\/section>\n\t\t\t\t<section class=\"elementor-section elementor-top-section elementor-element elementor-element-eef0daf elementor-section-content-middle elementor-section-stretched elementor-section-height-min-height elementor-section-full_width elementor-section-height-default elementor-section-items-middle\" data-id=\"eef0daf\" data-element_type=\"section\" data-settings=\"{&quot;stretch_section&quot;:&quot;section-stretched&quot;,&quot;background_background&quot;:&quot;classic&quot;}\">\n\t\t\t\t\t\t<div class=\"elementor-container elementor-column-gap-no\">\n\t\t\t\t\t<div class=\"elementor-column elementor-col-100 elementor-top-column elementor-element elementor-element-674ff68\" data-id=\"674ff68\" data-element_type=\"column\">\n\t\t\t<div class=\"elementor-widget-wrap elementor-element-populated\">\n\t\t\t\t\t\t<div class=\"elementor-element elementor-element-32d40f7 elementor-widget__width-inherit elementor-widget elementor-widget-image\" data-id=\"32d40f7\" data-element_type=\"widget\" data-widget_type=\"image.default\">\n\t\t\t\t<div class=\"elementor-widget-container\">\n\t\t\t\t\t\t\t\t\t\t\t\t\t\t\t<img loading=\"lazy\" loading=\"lazy\" decoding=\"async\" width=\"2560\" height=\"800\" src=\"https:\/\/arinalimentos.com.br\/loja\/wp-content\/uploads\/2025\/06\/parallax-home-1-1.jpg\" class=\"attachment-full size-full wp-image-3240       \" alt=\"\" srcset=\"https:\/\/arinalimentos.com.br\/loja\/wp-content\/uploads\/2025\/06\/parallax-home-1-1.jpg 2560w, https:\/\/arinalimentos.com.br\/loja\/wp-content\/uploads\/2025\/06\/parallax-home-1-1-300x94.jpg 300w, https:\/\/arinalimentos.com.br\/loja\/wp-content\/uploads\/2025\/06\/parallax-home-1-1-1024x320.jpg 1024w, https:\/\/arinalimentos.com.br\/loja\/wp-content\/uploads\/2025\/06\/parallax-home-1-1-768x240.jpg 768w, https:\/\/arinalimentos.com.br\/loja\/wp-content\/uploads\/2025\/06\/parallax-home-1-1-1536x480.jpg 1536w, https:\/\/arinalimentos.com.br\/loja\/wp-content\/uploads\/2025\/06\/parallax-home-1-1-2048x640.jpg 2048w, https:\/\/arinalimentos.com.br\/loja\/wp-content\/uploads\/2025\/06\/parallax-home-1-1-600x188.jpg 600w, https:\/\/arinalimentos.com.br\/loja\/wp-content\/uploads\/2025\/06\/parallax-home-1-1-1x1.jpg 1w, https:\/\/arinalimentos.com.br\/loja\/wp-content\/uploads\/2025\/06\/parallax-home-1-1-10x3.jpg 10w\" sizes=\"auto, (max-width: 2560px) 100vw, 2560px\" \/>\t\t\t\t\t\t\t\t\t\t\t\t\t\t\t<\/div>\n\t\t\t\t<\/div>\n\t\t\t\t\t<\/div>\n\t\t<\/div>\n\t\t\t\t\t<\/div>\n\t\t<\/section>\n\t\t\t\t<section class=\"elementor-section elementor-top-section elementor-element elementor-element-520af1c elementor-section-content-middle elementor-section-stretched elementor-section-boxed elementor-section-height-default elementor-section-height-default\" data-id=\"520af1c\" data-element_type=\"section\" data-settings=\"{&quot;stretch_section&quot;:&quot;section-stretched&quot;,&quot;background_background&quot;:&quot;classic&quot;}\">\n\t\t\t\t\t\t<div class=\"elementor-container elementor-column-gap-custom\">\n\t\t\t\t\t<div class=\"elementor-column elementor-col-50 elementor-top-column elementor-element elementor-element-bf81bca\" data-id=\"bf81bca\" data-element_type=\"column\">\n\t\t\t<div class=\"elementor-widget-wrap elementor-element-populated\">\n\t\t\t\t\t\t<div class=\"elementor-element elementor-element-b7bf189 elementor-invisible elementor-widget elementor-widget-text-editor\" data-id=\"b7bf189\" data-element_type=\"widget\" data-settings=\"{&quot;_animation&quot;:&quot;fadeInRight&quot;}\" data-widget_type=\"text-editor.default\">\n\t\t\t\t<div class=\"elementor-widget-container\">\n\t\t\t\t\t\t\t\t\t<p><strong>A Arin une ingredientes naturais de alta qualidade e tecnologia avan\u00e7ada para alcan\u00e7ar a excel\u00eancia nos seus produtos.<\/strong> Com um processo padronizado e equipamentos modernos, alcan\u00e7ou-se alta produtividade, praticidade no consumo e validade prolongada. O Forno de Convec\u00e7\u00e3o El\u00e9trico assa em temperatura e tempo precisos, o ultracongelador retem a perda de umidade, mantendo a frescura dos p\u00e3es e a fatiadora digital corta com precis\u00e3o milim\u00e9trica cada fatia. <strong>Na linha de produ\u00e7\u00e3o cada etapa \u00e9 cuidadosamente executada para obter sabor e textura perfeitos.<\/strong><\/p>\t\t\t\t\t\t\t\t<\/div>\n\t\t\t\t<\/div>\n\t\t\t\t\t<\/div>\n\t\t<\/div>\n\t\t\t\t<div class=\"elementor-column elementor-col-50 elementor-top-column elementor-element elementor-element-123f648\" data-id=\"123f648\" data-element_type=\"column\">\n\t\t\t<div class=\"elementor-widget-wrap elementor-element-populated\">\n\t\t\t\t\t\t<div class=\"elementor-element elementor-element-ea48ca0 elementor-invisible etheme-elementor-widget-loaded elementor-widget elementor-widget-heading\" data-id=\"ea48ca0\" data-element_type=\"widget\" data-settings=\"{&quot;_animation&quot;:&quot;fadeInRight&quot;}\" data-widget_type=\"heading.default\">\n\t\t\t\t<div class=\"elementor-widget-container\">\n\t\t\t\t\t<h2 class=\"elementor-heading-title elementor-size-default\">Produ\u00e7\u00e3o<br>\nde<br>\nExcel\u00eancia<\/h2>\t\t\t\t<\/div>\n\t\t\t\t<\/div>\n\t\t\t\t\t<\/div>\n\t\t<\/div>\n\t\t\t\t\t<\/div>\n\t\t<\/section>\n\t\t\t\t<section class=\"elementor-section elementor-top-section elementor-element elementor-element-6fa04a2 elementor-section-content-middle elementor-section-stretched elementor-section-height-min-height elementor-section-full_width elementor-section-height-default elementor-section-items-middle\" data-id=\"6fa04a2\" data-element_type=\"section\" data-settings=\"{&quot;stretch_section&quot;:&quot;section-stretched&quot;,&quot;background_background&quot;:&quot;classic&quot;}\">\n\t\t\t\t\t\t<div class=\"elementor-container elementor-column-gap-no\">\n\t\t\t\t\t<div class=\"elementor-column elementor-col-100 elementor-top-column elementor-element elementor-element-15cb172\" data-id=\"15cb172\" data-element_type=\"column\">\n\t\t\t<div class=\"elementor-widget-wrap elementor-element-populated\">\n\t\t\t\t\t\t<div class=\"elementor-element elementor-element-911203d elementor-widget__width-inherit elementor-widget elementor-widget-image\" data-id=\"911203d\" data-element_type=\"widget\" data-widget_type=\"image.default\">\n\t\t\t\t<div class=\"elementor-widget-container\">\n\t\t\t\t\t\t\t\t\t\t\t\t\t\t\t<img loading=\"lazy\" loading=\"lazy\" decoding=\"async\" width=\"2560\" height=\"800\" src=\"https:\/\/arinalimentos.com.br\/loja\/wp-content\/uploads\/2025\/09\/parallax-sobre-nos.jpg\" class=\"attachment-full size-full wp-image-4167       \" alt=\"\" srcset=\"https:\/\/arinalimentos.com.br\/loja\/wp-content\/uploads\/2025\/09\/parallax-sobre-nos.jpg 2560w, https:\/\/arinalimentos.com.br\/loja\/wp-content\/uploads\/2025\/09\/parallax-sobre-nos-300x94.jpg 300w, https:\/\/arinalimentos.com.br\/loja\/wp-content\/uploads\/2025\/09\/parallax-sobre-nos-1024x320.jpg 1024w, https:\/\/arinalimentos.com.br\/loja\/wp-content\/uploads\/2025\/09\/parallax-sobre-nos-768x240.jpg 768w, https:\/\/arinalimentos.com.br\/loja\/wp-content\/uploads\/2025\/09\/parallax-sobre-nos-1536x480.jpg 1536w, https:\/\/arinalimentos.com.br\/loja\/wp-content\/uploads\/2025\/09\/parallax-sobre-nos-2048x640.jpg 2048w, https:\/\/arinalimentos.com.br\/loja\/wp-content\/uploads\/2025\/09\/parallax-sobre-nos-600x188.jpg 600w, https:\/\/arinalimentos.com.br\/loja\/wp-content\/uploads\/2025\/09\/parallax-sobre-nos-1x1.jpg 1w, https:\/\/arinalimentos.com.br\/loja\/wp-content\/uploads\/2025\/09\/parallax-sobre-nos-10x3.jpg 10w\" sizes=\"auto, (max-width: 2560px) 100vw, 2560px\" \/>\t\t\t\t\t\t\t\t\t\t\t\t\t\t\t<\/div>\n\t\t\t\t<\/div>\n\t\t\t\t\t<\/div>\n\t\t<\/div>\n\t\t\t\t\t<\/div>\n\t\t<\/section>\n\t\t\t\t<section class=\"elementor-section elementor-top-section elementor-element elementor-element-9d69457 elementor-section-content-top elementor-section-stretched elementor-section-boxed elementor-section-height-default elementor-section-height-default\" data-id=\"9d69457\" data-element_type=\"section\" data-settings=\"{&quot;stretch_section&quot;:&quot;section-stretched&quot;,&quot;background_background&quot;:&quot;classic&quot;}\">\n\t\t\t\t\t\t<div class=\"elementor-container elementor-column-gap-custom\">\n\t\t\t\t\t<div class=\"elementor-column elementor-col-50 elementor-top-column elementor-element elementor-element-5a0ebd8\" data-id=\"5a0ebd8\" data-element_type=\"column\" data-settings=\"{&quot;background_background&quot;:&quot;classic&quot;}\">\n\t\t\t<div class=\"elementor-widget-wrap elementor-element-populated\">\n\t\t\t\t\t<div class=\"elementor-background-overlay\"><\/div>\n\t\t\t\t\t\t<div class=\"elementor-element elementor-element-4dbd211 elementor-invisible etheme-elementor-widget-loaded elementor-widget elementor-widget-heading\" data-id=\"4dbd211\" data-element_type=\"widget\" data-settings=\"{&quot;_animation&quot;:&quot;fadeInRight&quot;}\" data-widget_type=\"heading.default\">\n\t\t\t\t<div class=\"elementor-widget-container\">\n\t\t\t\t\t<h2 class=\"elementor-heading-title elementor-size-default\">Nossos<br>\nProdutos<\/h2>\t\t\t\t<\/div>\n\t\t\t\t<\/div>\n\t\t\t\t\t<\/div>\n\t\t<\/div>\n\t\t\t\t<div class=\"elementor-column elementor-col-50 elementor-top-column elementor-element elementor-element-59e4da9\" data-id=\"59e4da9\" data-element_type=\"column\">\n\t\t\t<div class=\"elementor-widget-wrap elementor-element-populated\">\n\t\t\t\t\t\t<div class=\"elementor-element elementor-element-55c7809 elementor-widget elementor-widget-etheme_categories_lists\" data-id=\"55c7809\" data-element_type=\"widget\" data-widget_type=\"etheme_categories_lists.default\">\n\t\t\t\t<div class=\"elementor-widget-container\">\n\t\t\t\t\t        <link rel=\"stylesheet\" href=\"https:\/\/arinalimentos.com.br\/loja\/wp-content\/themes\/xstore\/css\/modules\/woocommerce\/global.min.css?ver=1.0\" type=\"text\/css\" media=\"all\" \/> \t\t        <link rel=\"stylesheet\" href=\"https:\/\/arinalimentos.com.br\/loja\/wp-content\/themes\/xstore\/css\/modules\/woocommerce\/archive.min.css?ver=1.0\" type=\"text\/css\" media=\"all\" \/> \t\t        <link rel=\"stylesheet\" href=\"https:\/\/arinalimentos.com.br\/loja\/wp-content\/themes\/xstore\/css\/modules\/woocommerce\/categories-list-grid.min.css?ver=1.0\" type=\"text\/css\" media=\"all\" \/> \t\t        <link rel=\"stylesheet\" href=\"https:\/\/arinalimentos.com.br\/loja\/wp-content\/themes\/xstore\/css\/modules\/builders\/elementor\/categories.min.css?ver=1.0\" type=\"text\/css\" media=\"all\" \/> \t\t\n\t\t\t<div class=\"clearfix  slider-6299 categories-lists-grid categories-columns-3 limit-enable\">\n                \n                \n\t\t\t\n\t\t\t\t\t\t<div class=\"categories-grid  row\">\n\n\t\t\t\t\t\t\t\n\t\t\t\t\t\t\t\t<div class=\"category-list-item-wrapper image-top\">\n\n\t\t\t\t\t\t\t\t\t<div class=\"category-list-item category-grid style-classic\"\n\t\t\t\t\t\t\t\t\t\tdata-hover=\"zoom-in\"\t\t\t\t\t\t\t\t\t\t>\n\n                                                                                    <a href=\"https:\/\/arinalimentos.com.br\/loja\/produto-categoria\/pao-de-forma\/\" class=\"category-image\">\n                                                <img loading=\"lazy\" loading=\"lazy\" decoding=\"async\" src=\"https:\/\/arinalimentos.com.br\/loja\/wp-content\/uploads\/2025\/09\/produtos-pao-de-forma-de-integral-multigraos-sem-gluten-sem-lactose-sem-acucar-e-sem-conservantes-300x300.jpg\" alt=\"P\u00e3o de forma\" width=\"300\" height=\"300\" srcset=\"https:\/\/arinalimentos.com.br\/loja\/wp-content\/uploads\/2025\/09\/produtos-pao-de-forma-de-integral-multigraos-sem-gluten-sem-lactose-sem-acucar-e-sem-conservantes-300x300.jpg 300w, https:\/\/arinalimentos.com.br\/loja\/wp-content\/uploads\/2025\/09\/produtos-pao-de-forma-de-integral-multigraos-sem-gluten-sem-lactose-sem-acucar-e-sem-conservantes-1024x1024.jpg 1024w, https:\/\/arinalimentos.com.br\/loja\/wp-content\/uploads\/2025\/09\/produtos-pao-de-forma-de-integral-multigraos-sem-gluten-sem-lactose-sem-acucar-e-sem-conservantes-150x150.jpg 150w, https:\/\/arinalimentos.com.br\/loja\/wp-content\/uploads\/2025\/09\/produtos-pao-de-forma-de-integral-multigraos-sem-gluten-sem-lactose-sem-acucar-e-sem-conservantes-768x768.jpg 768w, https:\/\/arinalimentos.com.br\/loja\/wp-content\/uploads\/2025\/09\/produtos-pao-de-forma-de-integral-multigraos-sem-gluten-sem-lactose-sem-acucar-e-sem-conservantes-600x600.jpg 600w, https:\/\/arinalimentos.com.br\/loja\/wp-content\/uploads\/2025\/09\/produtos-pao-de-forma-de-integral-multigraos-sem-gluten-sem-lactose-sem-acucar-e-sem-conservantes-100x100.jpg 100w, https:\/\/arinalimentos.com.br\/loja\/wp-content\/uploads\/2025\/09\/produtos-pao-de-forma-de-integral-multigraos-sem-gluten-sem-lactose-sem-acucar-e-sem-conservantes-1x1.jpg 1w, https:\/\/arinalimentos.com.br\/loja\/wp-content\/uploads\/2025\/09\/produtos-pao-de-forma-de-integral-multigraos-sem-gluten-sem-lactose-sem-acucar-e-sem-conservantes-10x10.jpg 10w, https:\/\/arinalimentos.com.br\/loja\/wp-content\/uploads\/2025\/09\/produtos-pao-de-forma-de-integral-multigraos-sem-gluten-sem-lactose-sem-acucar-e-sem-conservantes.jpg 1100w\" sizes=\"auto, (max-width: 300px) 100vw, 300px\" \/>                                            <\/a>\n                                        \t\t\t\t\t\t\t\t\t\t<ul>\n\t\t\t\t\t\t\t\t\t\t\t\t\t<li>\n\t\t\t<a href=\"https:\/\/arinalimentos.com.br\/loja\/produto-categoria\/pao-de-forma\/\" class=\"category-name\">\n\t\t\t\tP\u00e3o de forma <mark class=\"count\">5<\/mark>\t\t\t<\/a>\n\n\t\t\t\n\t\t\t\t\t<\/li>\n\t\t\t\t\t\t\t\t\t\t\t\t<\/ul>\n\n\t\t\t\t\t\t\t\t\t<\/div>\n\n\t\t\t\t\t\t\t\t<\/div>\n\n\t\t\t\t\t\t\t\n\t\t\t\t\t\t\t\t<div class=\"category-list-item-wrapper image-top\">\n\n\t\t\t\t\t\t\t\t\t<div class=\"category-list-item category-grid style-classic\"\n\t\t\t\t\t\t\t\t\t\tdata-hover=\"zoom-in\"\t\t\t\t\t\t\t\t\t\t>\n\n                                                                                    <a href=\"https:\/\/arinalimentos.com.br\/loja\/produto-categoria\/torradinhas\/\" class=\"category-image\">\n                                                <img loading=\"lazy\" loading=\"lazy\" decoding=\"async\" src=\"https:\/\/arinalimentos.com.br\/loja\/wp-content\/uploads\/2025\/08\/produtos-torrada-tradicional-sem-gluten-sem-lactose-sem-acucar-e-sem-conservantes-300x300.jpg\" alt=\"Torradinhas\" width=\"300\" height=\"300\" srcset=\"https:\/\/arinalimentos.com.br\/loja\/wp-content\/uploads\/2025\/08\/produtos-torrada-tradicional-sem-gluten-sem-lactose-sem-acucar-e-sem-conservantes-300x300.jpg 300w, https:\/\/arinalimentos.com.br\/loja\/wp-content\/uploads\/2025\/08\/produtos-torrada-tradicional-sem-gluten-sem-lactose-sem-acucar-e-sem-conservantes-1024x1024.jpg 1024w, https:\/\/arinalimentos.com.br\/loja\/wp-content\/uploads\/2025\/08\/produtos-torrada-tradicional-sem-gluten-sem-lactose-sem-acucar-e-sem-conservantes-150x150.jpg 150w, https:\/\/arinalimentos.com.br\/loja\/wp-content\/uploads\/2025\/08\/produtos-torrada-tradicional-sem-gluten-sem-lactose-sem-acucar-e-sem-conservantes-768x768.jpg 768w, https:\/\/arinalimentos.com.br\/loja\/wp-content\/uploads\/2025\/08\/produtos-torrada-tradicional-sem-gluten-sem-lactose-sem-acucar-e-sem-conservantes-600x600.jpg 600w, https:\/\/arinalimentos.com.br\/loja\/wp-content\/uploads\/2025\/08\/produtos-torrada-tradicional-sem-gluten-sem-lactose-sem-acucar-e-sem-conservantes-100x100.jpg 100w, https:\/\/arinalimentos.com.br\/loja\/wp-content\/uploads\/2025\/08\/produtos-torrada-tradicional-sem-gluten-sem-lactose-sem-acucar-e-sem-conservantes-1x1.jpg 1w, https:\/\/arinalimentos.com.br\/loja\/wp-content\/uploads\/2025\/08\/produtos-torrada-tradicional-sem-gluten-sem-lactose-sem-acucar-e-sem-conservantes-10x10.jpg 10w, https:\/\/arinalimentos.com.br\/loja\/wp-content\/uploads\/2025\/08\/produtos-torrada-tradicional-sem-gluten-sem-lactose-sem-acucar-e-sem-conservantes.jpg 1100w\" sizes=\"auto, (max-width: 300px) 100vw, 300px\" \/>                                            <\/a>\n                                        \t\t\t\t\t\t\t\t\t\t<ul>\n\t\t\t\t\t\t\t\t\t\t\t\t\t<li>\n\t\t\t<a href=\"https:\/\/arinalimentos.com.br\/loja\/produto-categoria\/torradinhas\/\" class=\"category-name\">\n\t\t\t\tTorradinhas <mark class=\"count\">3<\/mark>\t\t\t<\/a>\n\n\t\t\t\n\t\t\t\t\t<\/li>\n\t\t\t\t\t\t\t\t\t\t\t\t<\/ul>\n\n\t\t\t\t\t\t\t\t\t<\/div>\n\n\t\t\t\t\t\t\t\t<\/div>\n\n\t\t\t\t\t\t\t\n\t\t\t\t\t\t\t\t<div class=\"category-list-item-wrapper image-top\">\n\n\t\t\t\t\t\t\t\t\t<div class=\"category-list-item category-grid style-classic\"\n\t\t\t\t\t\t\t\t\t\tdata-hover=\"zoom-in\"\t\t\t\t\t\t\t\t\t\t>\n\n                                                                                    <a href=\"https:\/\/arinalimentos.com.br\/loja\/produto-categoria\/farinha-de-rosca\/\" class=\"category-image\">\n                                                <img loading=\"lazy\" loading=\"lazy\" decoding=\"async\" src=\"https:\/\/arinalimentos.com.br\/loja\/wp-content\/uploads\/2025\/08\/produtos-farinha-de-rosca-sem-gluten-sem-lactose-sem-acucar-e-sem-conservantes-300x300.png\" alt=\"Farinha de Rosca\" width=\"300\" height=\"300\" srcset=\"https:\/\/arinalimentos.com.br\/loja\/wp-content\/uploads\/2025\/08\/produtos-farinha-de-rosca-sem-gluten-sem-lactose-sem-acucar-e-sem-conservantes-300x300.png 300w, https:\/\/arinalimentos.com.br\/loja\/wp-content\/uploads\/2025\/08\/produtos-farinha-de-rosca-sem-gluten-sem-lactose-sem-acucar-e-sem-conservantes-1024x1024.png 1024w, https:\/\/arinalimentos.com.br\/loja\/wp-content\/uploads\/2025\/08\/produtos-farinha-de-rosca-sem-gluten-sem-lactose-sem-acucar-e-sem-conservantes-150x150.png 150w, https:\/\/arinalimentos.com.br\/loja\/wp-content\/uploads\/2025\/08\/produtos-farinha-de-rosca-sem-gluten-sem-lactose-sem-acucar-e-sem-conservantes-768x768.png 768w, https:\/\/arinalimentos.com.br\/loja\/wp-content\/uploads\/2025\/08\/produtos-farinha-de-rosca-sem-gluten-sem-lactose-sem-acucar-e-sem-conservantes-600x600.png 600w, https:\/\/arinalimentos.com.br\/loja\/wp-content\/uploads\/2025\/08\/produtos-farinha-de-rosca-sem-gluten-sem-lactose-sem-acucar-e-sem-conservantes-100x100.png 100w, https:\/\/arinalimentos.com.br\/loja\/wp-content\/uploads\/2025\/08\/produtos-farinha-de-rosca-sem-gluten-sem-lactose-sem-acucar-e-sem-conservantes-1x1.png 1w, https:\/\/arinalimentos.com.br\/loja\/wp-content\/uploads\/2025\/08\/produtos-farinha-de-rosca-sem-gluten-sem-lactose-sem-acucar-e-sem-conservantes-10x10.png 10w, https:\/\/arinalimentos.com.br\/loja\/wp-content\/uploads\/2025\/08\/produtos-farinha-de-rosca-sem-gluten-sem-lactose-sem-acucar-e-sem-conservantes.png 1081w\" sizes=\"auto, (max-width: 300px) 100vw, 300px\" \/>                                            <\/a>\n                                        \t\t\t\t\t\t\t\t\t\t<ul>\n\t\t\t\t\t\t\t\t\t\t\t\t\t<li>\n\t\t\t<a href=\"https:\/\/arinalimentos.com.br\/loja\/produto-categoria\/farinha-de-rosca\/\" class=\"category-name\">\n\t\t\t\tFarinha de Rosca <mark class=\"count\">1<\/mark>\t\t\t<\/a>\n\n\t\t\t\n\t\t\t\t\t<\/li>\n\t\t\t\t\t\t\t\t\t\t\t\t<\/ul>\n\n\t\t\t\t\t\t\t\t\t<\/div>\n\n\t\t\t\t\t\t\t\t<\/div>\n\n\t\t\t\t\t\t\t\t\t\t\t\t\t<\/div>\n\n\t\t\t\t\t\n\t\t\t\t\t\t\t<\/div>\n\n\t\t\t\t\t\t<\/div>\n\t\t\t\t<\/div>\n\t\t\t\t\t<\/div>\n\t\t<\/div>\n\t\t\t\t\t<\/div>\n\t\t<\/section>\n\t\t\t\t<section class=\"elementor-section elementor-top-section elementor-element elementor-element-406149f elementor-section-content-top elementor-section-stretched elementor-section-items-top elementor-section-height-min-height elementor-section-boxed elementor-section-height-default\" data-id=\"406149f\" data-element_type=\"section\" data-settings=\"{&quot;stretch_section&quot;:&quot;section-stretched&quot;,&quot;background_background&quot;:&quot;classic&quot;}\">\n\t\t\t\t\t\t<div class=\"elementor-container elementor-column-gap-custom\">\n\t\t\t\t\t<div class=\"elementor-column elementor-col-50 elementor-top-column elementor-element elementor-element-008ce25\" data-id=\"008ce25\" data-element_type=\"column\" data-settings=\"{&quot;background_background&quot;:&quot;classic&quot;}\">\n\t\t\t<div class=\"elementor-widget-wrap elementor-element-populated\">\n\t\t\t\t\t<div class=\"elementor-background-overlay\"><\/div>\n\t\t\t\t\t\t<div class=\"elementor-element elementor-element-08b9749 elementor-invisible etheme-elementor-widget-loaded elementor-widget elementor-widget-heading\" data-id=\"08b9749\" data-element_type=\"widget\" data-settings=\"{&quot;_animation&quot;:&quot;fadeInRight&quot;}\" data-widget_type=\"heading.default\">\n\t\t\t\t<div class=\"elementor-widget-container\">\n\t\t\t\t\t<h2 class=\"elementor-heading-title elementor-size-default\">Qualidade<br> \nque dura, sem uso<br> \nde conservantes<\/h2>\t\t\t\t<\/div>\n\t\t\t\t<\/div>\n\t\t\t\t\t<\/div>\n\t\t<\/div>\n\t\t\t\t<div class=\"elementor-column elementor-col-50 elementor-top-column elementor-element elementor-element-da5d25a\" data-id=\"da5d25a\" data-element_type=\"column\">\n\t\t\t<div class=\"elementor-widget-wrap elementor-element-populated\">\n\t\t\t\t\t\t<div class=\"elementor-element elementor-element-b79c08c elementor-invisible elementor-widget elementor-widget-text-editor\" data-id=\"b79c08c\" data-element_type=\"widget\" data-settings=\"{&quot;_animation&quot;:&quot;fadeInRight&quot;}\" data-widget_type=\"text-editor.default\">\n\t\t\t\t<div class=\"elementor-widget-container\">\n\t\t\t\t\t\t\t\t\t<p><strong>Os P\u00e3es de f\u00f4rma Arin, j\u00e1 v\u00eam fatiados e congelados, com 12 fatias de 10 mil\u00edmetros cada.<\/strong> Para consumir basta destacar as fatias desejadas, aquecer sem descongelar e em minutos ter\u00e1 um p\u00e3o quentinho e fofinho pronto para o consumo. <strong>As Torradinhas s\u00e3o super fininhas e crocantes, t\u00eam espessura de 3 mil\u00edmetros.<\/strong> Est\u00e3o prontas para consumo imediato, em temperatura ambiente, tal qual, <strong>a Farinha de Rosca que \u00e9 soltinha e crocante.<\/strong> Agregado a tudo disso, est\u00e3o <strong>as embalagens pl\u00e1sticas de alta gramatura e os potes com veda\u00e7\u00e3o herm\u00e9tica que garantem a prote\u00e7\u00e3o <\/strong><strong>e conserva\u00e7\u00e3o dos produtos, evitando a contamina\u00e7\u00e3o cruzada e os mant\u00eam com validade prolongada.<\/strong><\/p><h3 style=\"color: #5c2400;\">\u00c9 poss\u00edvel consumir alimentos saud\u00e1veis <br \/>sem abrir m\u00e3o do sabor.<\/h3>\t\t\t\t\t\t\t\t<\/div>\n\t\t\t\t<\/div>\n\t\t\t\t\t<\/div>\n\t\t<\/div>\n\t\t\t\t\t<\/div>\n\t\t<\/section>\n\t\t\t\t<\/div>\n\t\t","protected":false},"excerpt":{"rendered":"<p>Sabores naturais que fazem bem ao corpo e ao paladar A Arin tem o prop\u00f3sito de levar sabor, sa\u00fade e seguran\u00e7a alimentar para a vida&#8230;<\/p>\n","protected":false},"author":1,"featured_media":0,"parent":0,"menu_order":-10,"comment_status":"closed","ping_status":"closed","template":"","meta":{"footnotes":""},"class_list":["post-3148","page","type-page","status-publish","hentry"],"_links":{"self":[{"href":"https:\/\/arinalimentos.com.br\/loja\/wp-json\/wp\/v2\/pages\/3148","targetHints":{"allow":["GET"]}}],"collection":[{"href":"https:\/\/arinalimentos.com.br\/loja\/wp-json\/wp\/v2\/pages"}],"about":[{"href":"https:\/\/arinalimentos.com.br\/loja\/wp-json\/wp\/v2\/types\/page"}],"author":[{"embeddable":true,"href":"https:\/\/arinalimentos.com.br\/loja\/wp-json\/wp\/v2\/users\/1"}],"replies":[{"embeddable":true,"href":"https:\/\/arinalimentos.com.br\/loja\/wp-json\/wp\/v2\/comments?post=3148"}],"version-history":[{"count":113,"href":"https:\/\/arinalimentos.com.br\/loja\/wp-json\/wp\/v2\/pages\/3148\/revisions"}],"predecessor-version":[{"id":4174,"href":"https:\/\/arinalimentos.com.br\/loja\/wp-json\/wp\/v2\/pages\/3148\/revisions\/4174"}],"wp:attachment":[{"href":"https:\/\/arinalimentos.com.br\/loja\/wp-json\/wp\/v2\/media?parent=3148"}],"curies":[{"name":"wp","href":"https:\/\/api.w.org\/{rel}","templated":true}]}}